{"id":4321,"date":"2024-10-28T09:29:00","date_gmt":"2024-10-28T09:29:00","guid":{"rendered":"https:\/\/clubdoctorespriu.cat\/?page_id=4321"},"modified":"2025-11-11T14:43:59","modified_gmt":"2025-11-11T14:43:59","slug":"almuerzo-navidad-2025","status":"publish","type":"page","link":"https:\/\/clubdoctorespriu.cat\/es\/almuerzo-navidad-2025\/","title":{"rendered":"Almuerzo navidad 2025"},"content":{"rendered":"\n<h2>Almuerzo de Navidad exclusivo para beneficiarios de la prestaci\u00f3n complementaria a la dedicaci\u00f3n profesional<\/h2>\n\n\n\n<p><\/p>\n\n\n\n<p>Sesi\u00f3n de trabajo del Montep\u00edo de Assist\u00e8ncia Sanit\u00e0ria<\/p>\n\n\n\n<p>17&nbsp;de diciembre de 2025, 13:00 horas, Hotel Casa Fuster (Barcelona)<\/p>\n\n\n\n<p>Para confirmar su asistencia, introduzca su DNI en la casilla que encontrar\u00e1 a continuaci\u00f3n y <strong> apriete \u00abENTER\u00bb<\/strong>.<\/p>\n\n\n\n<section class=\"SoparNadalForm\">\n\t \n\t\t\n\t<form class=\"SoparNadalForm_Form\" id=\"SoparNadalForm_Form\" method=\"post\" action=\"https:\/\/clubdoctorespriu.cat\/wp-admin\/admin-post.php?lang=es\">\n\t\t<input type=\"hidden\" name=\"action\" value=\"send_soparnadal_form\">\n\t\t\t<input type=\"hidden\" name=\"nombre_formulario\" id=\"nombre_formulario\" >\n\t\t\t<input type=\"hidden\" name=\"email_formulario\" id=\"email_formulario\" >\n        <p class=\"SoparNadalForm_FieldGroup\">\n            <label class=\"SoparNadalForm_Label\" for=\"dni_comprueba_soparnadal\">DNI<\/label>\n            <input class=\"SoparNadalForm_Field\" name=\"dni_comprueba_soparnadal\" id=\"dni_comprueba_soparnadal\" value=\"\" required placeholder=\"DNI\"> \n        <\/p>\n\n \n\t\t <div class=\"SoparNadalForm_FieldGroup confirmando-dni\" style=\"display:none;\">\n\t        <p>Confirmando DNI...<\/p>\n\t    <\/div>\n\t \n\t\t<p class=\"SoparNadalForm_FieldGroup SoparNadalForm_FieldGroup-Button\"  >\n\t\t\t<button class=\"SoparNadalForm_Button SoparNadalForm_Button-2\" type=\"submit\"   disabled=\"disabled\"   >ASISTIR\u00c9 A LA COMIDA<\/button>\n\t\t<\/p>\n\t<\/form>\t\t\n\t<div class=\"Messages\">\n\t\t<div class=\"Message js-message-contactSoparNadal-form-sent\">\n\t\t\t<h1 class=\"Message_Title\">\n\t\t\t\t<span class=\"Message_TitleInner\">\n\t\t\t\t\t<strong>Hemos registrado correctamente su inscripci\u00f3n en la sesi\u00f3n de trabajo y la comida de Navidad.<\/strong>\n\t\t\t\t\t<br><br>\n                \tLe esperamos el d\u00eda 17 de diciembre, a las 13:00 horas, en el Hotel Casa Fuster (Paseo de Gracia, 132).                \t<br>\n                \tGracias por su participaci\u00f3n.                <\/span>\n                <br>\n\t\t\t<\/h1>\n\t\t\t<img class=\"Message_IcoSuccess\" src=\"https:\/\/clubdoctorespriu.cat\/wp-content\/themes\/clubdoctorespriu\/img\/ico-ok.svg\">\n\t\t<\/div>\n\t<\/div>\n\t<div class=\"message-contactSoparNadal-form-KO\">\n\t\t<span class=\"Message_TitleInner\">\n\t\t\t<strong>\n\t\t\t\tLa comida de Navidad es exclusiva para socios y socias de m\u00e1s de 70 a\u00f1os beneficiarios de la prestaci\u00f3n complementaria a la dedicaci\u00f3n profesional.\t\t\t<\/strong>\n\t\t\t<br><br>\n\t\t\tEsperamos contar con usted en futuras ocasiones.\t\t\t\n\t \t<\/span>\n\t<\/div>\n\t\t\n<\/section>\n","protected":false},"excerpt":{"rendered":"<p>Almuerzo de Navidad exclusivo para beneficiarios de la prestaci\u00f3n complementaria a la dedicaci\u00f3n profesional Sesi\u00f3n de trabajo del Montep\u00edo de Assist\u00e8ncia Sanit\u00e0ria 17&nbsp;de diciembre de 2025, 13:00 horas, Hotel Casa Fuster (Barcelona) Para confirmar su asistencia, introduzca su DNI en la casilla que encontrar\u00e1 a continuaci\u00f3n y apriete \u00abENTER\u00bb.<\/p>\n","protected":false},"author":1,"featured_media":0,"parent":0,"menu_order":0,"comment_status":"closed","ping_status":"closed","template":"page-sopar-nadal.php","meta":[],"acf":[],"yoast_head":"<!-- This site is optimized with the Yoast SEO plugin v20.10 - https:\/\/yoast.com\/wordpress\/plugins\/seo\/ -->\n<title>Almuerzo navidad 2025 - Club Doctor Espriu<\/title>\n<meta name=\"description\" content=\"Un mundo de posibilidades abierto a todos los m\u00e9dicos de Assist\u00e8ncia Sanit\u00e0ria\" \/>\n<meta name=\"robots\" content=\"index, follow, max-snippet:-1, max-image-preview:large, max-video-preview:-1\" \/>\n<link rel=\"canonical\" href=\"https:\/\/clubdoctorespriu.cat\/es\/almuerzo-navidad-2025\/\" \/>\n<meta property=\"og:locale\" content=\"es_ES\" \/>\n<meta property=\"og:type\" content=\"article\" \/>\n<meta property=\"og:title\" content=\"Almuerzo navidad 2025 - Club Doctor Espriu\" \/>\n<meta property=\"og:description\" content=\"Un mundo de posibilidades abierto a todos los m\u00e9dicos de Assist\u00e8ncia Sanit\u00e0ria\" \/>\n<meta property=\"og:url\" content=\"https:\/\/clubdoctorespriu.cat\/es\/almuerzo-navidad-2025\/\" \/>\n<meta property=\"og:site_name\" content=\"Club Doctor Espriu\" \/>\n<meta property=\"article:modified_time\" content=\"2025-11-11T14:43:59+00:00\" \/>\n<meta name=\"twitter:card\" content=\"summary_large_image\" \/>\n<meta name=\"twitter:label1\" content=\"Tiempo de lectura\" \/>\n\t<meta name=\"twitter:data1\" content=\"1 minuto\" \/>\n<script type=\"application\/ld+json\" class=\"yoast-schema-graph\">{\"@context\":\"https:\/\/schema.org\",\"@graph\":[{\"@type\":\"WebPage\",\"@id\":\"https:\/\/clubdoctorespriu.cat\/es\/almuerzo-navidad-2025\/\",\"url\":\"https:\/\/clubdoctorespriu.cat\/es\/almuerzo-navidad-2025\/\",\"name\":\"Almuerzo navidad 2025 - Club Doctor Espriu\",\"isPartOf\":{\"@id\":\"https:\/\/clubdoctorespriu.cat\/#website\"},\"datePublished\":\"2024-10-28T09:29:00+00:00\",\"dateModified\":\"2025-11-11T14:43:59+00:00\",\"description\":\"Un mundo de posibilidades abierto a todos los m\u00e9dicos de Assist\u00e8ncia Sanit\u00e0ria\",\"breadcrumb\":{\"@id\":\"https:\/\/clubdoctorespriu.cat\/es\/almuerzo-navidad-2025\/#breadcrumb\"},\"inLanguage\":\"es\",\"potentialAction\":[{\"@type\":\"ReadAction\",\"target\":[\"https:\/\/clubdoctorespriu.cat\/es\/almuerzo-navidad-2025\/\"]}]},{\"@type\":\"BreadcrumbList\",\"@id\":\"https:\/\/clubdoctorespriu.cat\/es\/almuerzo-navidad-2025\/#breadcrumb\",\"itemListElement\":[{\"@type\":\"ListItem\",\"position\":1,\"name\":\"Inici\",\"item\":\"https:\/\/clubdoctorespriu.cat\/\"},{\"@type\":\"ListItem\",\"position\":2,\"name\":\"Almuerzo navidad 2025\"}]},{\"@type\":\"WebSite\",\"@id\":\"https:\/\/clubdoctorespriu.cat\/#website\",\"url\":\"https:\/\/clubdoctorespriu.cat\/\",\"name\":\"Club Doctor Espriu\",\"description\":\"Club d&#039;activitats socials, d&#039;oci i esportives per als metges i metgesses d&#039;Assist\u00e8ncia Sanit\u00e0ria\",\"potentialAction\":[{\"@type\":\"SearchAction\",\"target\":{\"@type\":\"EntryPoint\",\"urlTemplate\":\"https:\/\/clubdoctorespriu.cat\/?s={search_term_string}\"},\"query-input\":\"required name=search_term_string\"}],\"inLanguage\":\"es\"}]}<\/script>\n<!-- \/ Yoast SEO plugin. -->","yoast_head_json":{"title":"Almuerzo navidad 2025 - Club Doctor Espriu","description":"Un mundo de posibilidades abierto a todos los m\u00e9dicos de Assist\u00e8ncia Sanit\u00e0ria","robots":{"index":"index","follow":"follow","max-snippet":"max-snippet:-1","max-image-preview":"max-image-preview:large","max-video-preview":"max-video-preview:-1"},"canonical":"https:\/\/clubdoctorespriu.cat\/es\/almuerzo-navidad-2025\/","og_locale":"es_ES","og_type":"article","og_title":"Almuerzo navidad 2025 - Club Doctor Espriu","og_description":"Un mundo de posibilidades abierto a todos los m\u00e9dicos de Assist\u00e8ncia Sanit\u00e0ria","og_url":"https:\/\/clubdoctorespriu.cat\/es\/almuerzo-navidad-2025\/","og_site_name":"Club Doctor Espriu","article_modified_time":"2025-11-11T14:43:59+00:00","twitter_card":"summary_large_image","twitter_misc":{"Tiempo de lectura":"1 minuto"},"schema":{"@context":"https:\/\/schema.org","@graph":[{"@type":"WebPage","@id":"https:\/\/clubdoctorespriu.cat\/es\/almuerzo-navidad-2025\/","url":"https:\/\/clubdoctorespriu.cat\/es\/almuerzo-navidad-2025\/","name":"Almuerzo navidad 2025 - Club Doctor Espriu","isPartOf":{"@id":"https:\/\/clubdoctorespriu.cat\/#website"},"datePublished":"2024-10-28T09:29:00+00:00","dateModified":"2025-11-11T14:43:59+00:00","description":"Un mundo de posibilidades abierto a todos los m\u00e9dicos de Assist\u00e8ncia Sanit\u00e0ria","breadcrumb":{"@id":"https:\/\/clubdoctorespriu.cat\/es\/almuerzo-navidad-2025\/#breadcrumb"},"inLanguage":"es","potentialAction":[{"@type":"ReadAction","target":["https:\/\/clubdoctorespriu.cat\/es\/almuerzo-navidad-2025\/"]}]},{"@type":"BreadcrumbList","@id":"https:\/\/clubdoctorespriu.cat\/es\/almuerzo-navidad-2025\/#breadcrumb","itemListElement":[{"@type":"ListItem","position":1,"name":"Inici","item":"https:\/\/clubdoctorespriu.cat\/"},{"@type":"ListItem","position":2,"name":"Almuerzo navidad 2025"}]},{"@type":"WebSite","@id":"https:\/\/clubdoctorespriu.cat\/#website","url":"https:\/\/clubdoctorespriu.cat\/","name":"Club Doctor Espriu","description":"Club d&#039;activitats socials, d&#039;oci i esportives per als metges i metgesses d&#039;Assist\u00e8ncia Sanit\u00e0ria","potentialAction":[{"@type":"SearchAction","target":{"@type":"EntryPoint","urlTemplate":"https:\/\/clubdoctorespriu.cat\/?s={search_term_string}"},"query-input":"required name=search_term_string"}],"inLanguage":"es"}]}},"_links":{"self":[{"href":"https:\/\/clubdoctorespriu.cat\/es\/wp-json\/wp\/v2\/pages\/4321"}],"collection":[{"href":"https:\/\/clubdoctorespriu.cat\/es\/wp-json\/wp\/v2\/pages"}],"about":[{"href":"https:\/\/clubdoctorespriu.cat\/es\/wp-json\/wp\/v2\/types\/page"}],"author":[{"embeddable":true,"href":"https:\/\/clubdoctorespriu.cat\/es\/wp-json\/wp\/v2\/users\/1"}],"replies":[{"embeddable":true,"href":"https:\/\/clubdoctorespriu.cat\/es\/wp-json\/wp\/v2\/comments?post=4321"}],"version-history":[{"count":12,"href":"https:\/\/clubdoctorespriu.cat\/es\/wp-json\/wp\/v2\/pages\/4321\/revisions"}],"predecessor-version":[{"id":4503,"href":"https:\/\/clubdoctorespriu.cat\/es\/wp-json\/wp\/v2\/pages\/4321\/revisions\/4503"}],"wp:attachment":[{"href":"https:\/\/clubdoctorespriu.cat\/es\/wp-json\/wp\/v2\/media?parent=4321"}],"curies":[{"name":"wp","href":"https:\/\/api.w.org\/{rel}","templated":true}]}}