{"id":2798,"date":"2021-08-31T09:45:41","date_gmt":"2021-08-31T09:45:41","guid":{"rendered":"https:\/\/clubdoctorespriu.cat\/?page_id=2798\/"},"modified":"2026-02-11T14:13:49","modified_gmt":"2026-02-11T14:13:49","slug":"formulario-ix-campeonato-golf","status":"publish","type":"page","link":"https:\/\/clubdoctorespriu.cat\/es\/formulario-ix-campeonato-golf\/","title":{"rendered":"Formulario IX Campeonato de Golf"},"content":{"rendered":"<h1>Formulario de inscripci\u00f3n al IX Campeonato de Golf para M\u00e9dicos d&#8217;Assist\u00e8ncia Sanit\u00e0ria<\/h1>\n<p>La participaci\u00f3n en el campeonato est\u00e1 restringida a M\u00e9dicos d&#8217;Assist\u00e8ncia Sanit\u00e0ria. En caso que se haya producido alg\u00fan error, puede ponerse en contacto con nosotros en el correo&nbsp;<a href=\"mailto:clubdoctorespriu@gmail.com\" target=\"_blank\" rel=\"noopener noreferrer\">clubdoctorespriu@gmail.com<\/a>.<\/p>\n \n<section class=\"CampeonatoForm\">\n\t\n\t\t\n\t<form class=\"CampeonatoForm_Form\" id=\"CampeonatoForm_Form\" method=\"post\" action=\"https:\/\/clubdoctorespriu.cat\/wp-admin\/admin-post.php?lang=es\">\n\t\t<input type=\"hidden\" name=\"action\" value=\"send_campeonatogolf_form\">\n        <p class=\"CampeonatoForm_FieldGroup\">\n            <label class=\"CampeonatoForm_Label\" for=\"dni\">DNI<\/label>\n            <input class=\"CampeonatoForm_Field\" name=\"dni\" id=\"dni_comprueba\" value=\"\" required placeholder=\"DNI\">\n        <\/p>\n\t\t<p class=\"CampeonatoForm_FieldGroup\">\n\t\t\t<label class=\"CampeonatoForm_Label\" for=\"name\">Nombre<\/label>\n\t\t\t<input class=\"CampeonatoForm_Field\" id=\"nombre_formulario\" name=\"name\"  value=\"\" required placeholder=\"Nombre\">\n\t\t<\/p>\n\t\t<p class=\"CampeonatoForm_FieldGroup\">\n\t\t\t<label class=\"CampeonatoForm_Label\" for=\"surname\">Apellidos<\/label>\n\t\t\t<input class=\"CampeonatoForm_Field\" id=\"apellido_formulario\" name=\"surname\" value=\"\" placeholder=\"Apellidos\">\n\t\t<\/p>\n\t\t<p class=\"CampeonatoForm_FieldGroup\">\n\t\t\t<label class=\"CampeonatoForm_Label\" for=\"email\">E-mail<\/label>\n\t\t\t<input class=\"CampeonatoForm_Field\" name=\"email\"  id=\"email_formulario\" value=\"\" required type=\"email\" placeholder=\"E-mail\">\n\t\t<\/p>\n\t\t<p class=\"CampeonatoForm_FieldGroup\">\n\t\t\t<label class=\"CampeonatoForm_Label\" for=\"phone\">Tel\u00e9fono m\u00f3vil <\/label>\n\t\t\t<input class=\"CampeonatoForm_Field\" pattern=\"[+0-9 ]{9,}\"    id=\"mobil_formulario\"   name=\"phone\" value=\"\" placeholder=\"Tel\u00e9fono\">\n\t\t<\/p>\n\n        <p class=\"CampeonatoForm_FieldGroup\">\n            <label class=\"CampeonatoForm_Label\" for=\"handicap\">Handicap<\/label>\n            <input class=\"CampeonatoForm_Field\" name=\"handicap\"   value=\"\" placeholder=\"Handicap\">\n        <\/p>\n\n\n        <p class=\"CampeonatoForm_FieldGroup\">\n            <label class=\"CampeonatoForm_Label\" for=\"mobilitat\">Opciones de movilidad<\/label>\n            <select required class=\"CampeonatoForm_Field CampeonatoForm_Field -Select\" name=\"mobilitat\"   >\n                <option value=\"\">-- Elige una opci\u00f3n --<\/option>\n                <option value=\"Buggy\">Buggy<\/option>\n                <option value=\"Moto\">Moto<\/option>\n                <option value=\"Carret\u00f3n el\u00e9ctrico\">Carret\u00f3n el\u00e9ctrico<\/option>\n                <option value=\"Material propio\">Material propio<\/option> \n            <\/select>\n        <\/p>\n \n\n\n\n        <p class=\"CampeonatoForm_FieldGroup\">\n            <label class=\"CampeonatoForm_Label\" for=\"talla\">Talla de la camiseta<\/label>\n            <select required class=\"CampeonatoForm_Field CampeonatoForm_Field -Select\" name=\"talla\"  >\n                <option value=\"\">-- Elige una opci\u00f3n --<\/option>\n                <option value=\"Hombre  S (46cm de pit)\">Hombre S (46cm de pecho)<\/option>\n                <option value=\"Hombre M (50cm de pecho)\">Hombre M (50cm de pecho)<\/option>\n                <option value=\"Hombre L (54cm  de pecho)\">Hombre L (54cm  de pecho)<\/option>\n                <option value=\"Hombre XL (58cm  de pecho)\">Hombre XL (58cm  de pecho)<\/option>\n            <\/select>\n        <\/p>\n\n\n        <p class=\"CampeonatoForm_FieldGroup  \" style=\"width: 100%;\">\n            <label class=\"CampeonatoForm_Label\" for=\"observacions\">\u00bfTe quedas a comer?<\/label>\n            <textarea class=\"CampeonatoForm_Field\" name=\"observacions\"    placeholder=\"\u00bfTe quedas a comer?\"><\/textarea>\n        <\/p>\n\n \n\t\t<p class=\"CampeonatoForm_FieldGroup CampeonatoForm_FieldGroup-Info\">\n\t\t\t<label class=\"CampeonatoForm_CheckGroup\">\n\t\t\t\t<input class=\"CampeonatoForm_Checkbox\" required type=\"checkbox\" name=\"legal\" >\n\t\t\t\t<a href=\"https:\/\/clubdoctorespriu.cat\/es\/aviso-legal\/\" target=\"_blank\">\n\t\t\t\t\tHe le\u00eddo y acepto la pol\u00edtica de privacidad\t\t\t\t<\/a>\n\t\t\t<\/label>\n\t\t<\/p>\n\t\t<p class=\"CampeonatoForm_FieldGroup CampeonatoForm_FieldGroup-Button\"  >\n\t\t\t<button class=\"CampeonatoForm_Button CampeonatoForm_Button-2\" type=\"submit\"   disabled=\"disabled\"   >Enviar<\/button>\n\t\t<\/p>\n\t<\/form>\n\t\t\n\t<div class=\"Messages\">\n\t\t<div class=\"Message js-message-contactCampeonato-form-sent\">\n\t\t\t<h1 class=\"Message_Title\">\n\n\n\t\t\t\t<span class=\"Message_TitleInner\"><strong>La teva inscripci\u00f3 al IX CAMPIONAT DE GOLF PER A METGES I METGESSES D\u2019ASSIST\u00c8NCIA SANIT\u00c0RIA s\u2019ha registrat correctament<\/strong> Properament ens posarem en contacte amb tu per a m\u00e9s detalls. <br><br>Gr\u00e0cies per participar i t\u2019esperem el dia <strong>5 de juny, a les 8:30 hores, al Club de Golf Barcelona (Sant Esteve Sesrovires)<\/strong>.<\/span>\n\t\t\t<\/h1>\n\t\t\t<img class=\"Message_IcoSuccess\" src=\"https:\/\/clubdoctorespriu.cat\/wp-content\/themes\/clubdoctorespriu\/img\/ico-ok.svg\">\n\t\t<\/div>\n\t<\/div>\n\t\t\n<\/section>\n","protected":false},"excerpt":{"rendered":"<p>Formulario de inscripci\u00f3n al IX Campeonato de Golf para M\u00e9dicos d&#8217;Assist\u00e8ncia Sanit\u00e0ria La participaci\u00f3n en el campeonato est\u00e1 restringida a M\u00e9dicos d&#8217;Assist\u00e8ncia Sanit\u00e0ria. En caso que se haya producido alg\u00fan error, puede ponerse en contacto con nosotros en el correo&nbsp;clubdoctorespriu@gmail.com.<\/p>\n","protected":false},"author":1,"featured_media":0,"parent":0,"menu_order":0,"comment_status":"closed","ping_status":"closed","template":"page-campeonato-golf.php","meta":[],"acf":[],"yoast_head":"<!-- This site is optimized with the Yoast SEO plugin v20.10 - https:\/\/yoast.com\/wordpress\/plugins\/seo\/ -->\n<title>Formulario IX Campeonato de Golf - Club Doctor Espriu<\/title>\n<meta name=\"description\" content=\"Un mundo de posibilidades abierto a todos los m\u00e9dicos de Assist\u00e8ncia Sanit\u00e0ria\" \/>\n<meta name=\"robots\" content=\"index, follow, max-snippet:-1, max-image-preview:large, max-video-preview:-1\" \/>\n<link rel=\"canonical\" href=\"https:\/\/clubdoctorespriu.cat\/es\/formulario-ix-campeonato-golf\/\" \/>\n<meta property=\"og:locale\" content=\"es_ES\" \/>\n<meta property=\"og:type\" content=\"article\" \/>\n<meta property=\"og:title\" content=\"Formulario IX Campeonato de Golf - Club Doctor Espriu\" \/>\n<meta property=\"og:description\" content=\"Un mundo de posibilidades abierto a todos los m\u00e9dicos de Assist\u00e8ncia Sanit\u00e0ria\" \/>\n<meta property=\"og:url\" content=\"https:\/\/clubdoctorespriu.cat\/es\/formulario-ix-campeonato-golf\/\" \/>\n<meta property=\"og:site_name\" content=\"Club Doctor Espriu\" \/>\n<meta property=\"article:modified_time\" content=\"2026-02-11T14:13:49+00:00\" \/>\n<meta name=\"twitter:card\" content=\"summary_large_image\" \/>\n<meta name=\"twitter:label1\" content=\"Tiempo de lectura\" \/>\n\t<meta name=\"twitter:data1\" content=\"1 minuto\" \/>\n<script type=\"application\/ld+json\" class=\"yoast-schema-graph\">{\"@context\":\"https:\/\/schema.org\",\"@graph\":[{\"@type\":\"WebPage\",\"@id\":\"https:\/\/clubdoctorespriu.cat\/es\/formulario-ix-campeonato-golf\/\",\"url\":\"https:\/\/clubdoctorespriu.cat\/es\/formulario-ix-campeonato-golf\/\",\"name\":\"Formulario IX Campeonato de Golf - Club Doctor Espriu\",\"isPartOf\":{\"@id\":\"https:\/\/clubdoctorespriu.cat\/#website\"},\"datePublished\":\"2021-08-31T09:45:41+00:00\",\"dateModified\":\"2026-02-11T14:13:49+00:00\",\"description\":\"Un mundo de posibilidades abierto a todos los m\u00e9dicos de Assist\u00e8ncia Sanit\u00e0ria\",\"breadcrumb\":{\"@id\":\"https:\/\/clubdoctorespriu.cat\/es\/formulario-ix-campeonato-golf\/#breadcrumb\"},\"inLanguage\":\"es\",\"potentialAction\":[{\"@type\":\"ReadAction\",\"target\":[\"https:\/\/clubdoctorespriu.cat\/es\/formulario-ix-campeonato-golf\/\"]}]},{\"@type\":\"BreadcrumbList\",\"@id\":\"https:\/\/clubdoctorespriu.cat\/es\/formulario-ix-campeonato-golf\/#breadcrumb\",\"itemListElement\":[{\"@type\":\"ListItem\",\"position\":1,\"name\":\"Inici\",\"item\":\"https:\/\/clubdoctorespriu.cat\/\"},{\"@type\":\"ListItem\",\"position\":2,\"name\":\"Formulario IX Campeonato de Golf\"}]},{\"@type\":\"WebSite\",\"@id\":\"https:\/\/clubdoctorespriu.cat\/#website\",\"url\":\"https:\/\/clubdoctorespriu.cat\/\",\"name\":\"Club Doctor Espriu\",\"description\":\"Club d&#039;activitats socials, d&#039;oci i esportives per als metges i metgesses d&#039;Assist\u00e8ncia Sanit\u00e0ria\",\"potentialAction\":[{\"@type\":\"SearchAction\",\"target\":{\"@type\":\"EntryPoint\",\"urlTemplate\":\"https:\/\/clubdoctorespriu.cat\/?s={search_term_string}\"},\"query-input\":\"required name=search_term_string\"}],\"inLanguage\":\"es\"}]}<\/script>\n<!-- \/ Yoast SEO plugin. -->","yoast_head_json":{"title":"Formulario IX Campeonato de Golf - Club Doctor Espriu","description":"Un mundo de posibilidades abierto a todos los m\u00e9dicos de Assist\u00e8ncia Sanit\u00e0ria","robots":{"index":"index","follow":"follow","max-snippet":"max-snippet:-1","max-image-preview":"max-image-preview:large","max-video-preview":"max-video-preview:-1"},"canonical":"https:\/\/clubdoctorespriu.cat\/es\/formulario-ix-campeonato-golf\/","og_locale":"es_ES","og_type":"article","og_title":"Formulario IX Campeonato de Golf - Club Doctor Espriu","og_description":"Un mundo de posibilidades abierto a todos los m\u00e9dicos de Assist\u00e8ncia Sanit\u00e0ria","og_url":"https:\/\/clubdoctorespriu.cat\/es\/formulario-ix-campeonato-golf\/","og_site_name":"Club Doctor Espriu","article_modified_time":"2026-02-11T14:13:49+00:00","twitter_card":"summary_large_image","twitter_misc":{"Tiempo de lectura":"1 minuto"},"schema":{"@context":"https:\/\/schema.org","@graph":[{"@type":"WebPage","@id":"https:\/\/clubdoctorespriu.cat\/es\/formulario-ix-campeonato-golf\/","url":"https:\/\/clubdoctorespriu.cat\/es\/formulario-ix-campeonato-golf\/","name":"Formulario IX Campeonato de Golf - Club Doctor Espriu","isPartOf":{"@id":"https:\/\/clubdoctorespriu.cat\/#website"},"datePublished":"2021-08-31T09:45:41+00:00","dateModified":"2026-02-11T14:13:49+00:00","description":"Un mundo de posibilidades abierto a todos los m\u00e9dicos de Assist\u00e8ncia Sanit\u00e0ria","breadcrumb":{"@id":"https:\/\/clubdoctorespriu.cat\/es\/formulario-ix-campeonato-golf\/#breadcrumb"},"inLanguage":"es","potentialAction":[{"@type":"ReadAction","target":["https:\/\/clubdoctorespriu.cat\/es\/formulario-ix-campeonato-golf\/"]}]},{"@type":"BreadcrumbList","@id":"https:\/\/clubdoctorespriu.cat\/es\/formulario-ix-campeonato-golf\/#breadcrumb","itemListElement":[{"@type":"ListItem","position":1,"name":"Inici","item":"https:\/\/clubdoctorespriu.cat\/"},{"@type":"ListItem","position":2,"name":"Formulario IX Campeonato de Golf"}]},{"@type":"WebSite","@id":"https:\/\/clubdoctorespriu.cat\/#website","url":"https:\/\/clubdoctorespriu.cat\/","name":"Club Doctor Espriu","description":"Club d&#039;activitats socials, d&#039;oci i esportives per als metges i metgesses d&#039;Assist\u00e8ncia Sanit\u00e0ria","potentialAction":[{"@type":"SearchAction","target":{"@type":"EntryPoint","urlTemplate":"https:\/\/clubdoctorespriu.cat\/?s={search_term_string}"},"query-input":"required name=search_term_string"}],"inLanguage":"es"}]}},"_links":{"self":[{"href":"https:\/\/clubdoctorespriu.cat\/es\/wp-json\/wp\/v2\/pages\/2798"}],"collection":[{"href":"https:\/\/clubdoctorespriu.cat\/es\/wp-json\/wp\/v2\/pages"}],"about":[{"href":"https:\/\/clubdoctorespriu.cat\/es\/wp-json\/wp\/v2\/types\/page"}],"author":[{"embeddable":true,"href":"https:\/\/clubdoctorespriu.cat\/es\/wp-json\/wp\/v2\/users\/1"}],"replies":[{"embeddable":true,"href":"https:\/\/clubdoctorespriu.cat\/es\/wp-json\/wp\/v2\/comments?post=2798"}],"version-history":[{"count":16,"href":"https:\/\/clubdoctorespriu.cat\/es\/wp-json\/wp\/v2\/pages\/2798\/revisions"}],"predecessor-version":[{"id":4554,"href":"https:\/\/clubdoctorespriu.cat\/es\/wp-json\/wp\/v2\/pages\/2798\/revisions\/4554"}],"wp:attachment":[{"href":"https:\/\/clubdoctorespriu.cat\/es\/wp-json\/wp\/v2\/media?parent=2798"}],"curies":[{"name":"wp","href":"https:\/\/api.w.org\/{rel}","templated":true}]}}