{"id":2765,"date":"2021-08-30T10:45:04","date_gmt":"2021-08-30T10:45:04","guid":{"rendered":"https:\/\/clubdoctorespriu.cat\/?page_id=2765\/"},"modified":"2026-02-13T11:47:51","modified_gmt":"2026-02-13T11:47:51","slug":"ix-campeonato-golf","status":"publish","type":"page","link":"https:\/\/clubdoctorespriu.cat\/es\/ix-campeonato-golf\/","title":{"rendered":"IX Campeonato de golf"},"content":{"rendered":"<h1>IX Campeonato de Golf para M\u00e9dicos d&#8217;Assist\u00e8ncia Sanit\u00e0ria<\/h1>\n<p><em>Viernes, 5 de junio, 8:30 h.<\/em><\/p>\n<p>\u00a1No dejes pasar la oportunidad! El Club de Golf Barcelona (Sant Esteve Sesrovires) ser\u00e1 el escenario de la novena edici\u00f3n del torneo de Assist\u00e8ncia Sanit\u00e0ria, con actividades, premios y momentos especiales.<\/p>\n","protected":false},"excerpt":{"rendered":"<p>IX Campeonato de Golf para M\u00e9dicos d&#8217;Assist\u00e8ncia Sanit\u00e0ria Viernes, 5 de junio, 8:30 h. \u00a1No dejes pasar la oportunidad! El Club de Golf Barcelona (Sant Esteve Sesrovires) ser\u00e1 el escenario de la novena edici\u00f3n del torneo de Assist\u00e8ncia Sanit\u00e0ria, con actividades, premios y momentos especiales.<\/p>\n","protected":false},"author":1,"featured_media":0,"parent":0,"menu_order":0,"comment_status":"closed","ping_status":"closed","template":"","meta":[],"acf":[],"yoast_head":"<!-- This site is optimized with the Yoast SEO plugin v20.10 - https:\/\/yoast.com\/wordpress\/plugins\/seo\/ -->\n<title>IX Campeonato de golf - Club Doctor Espriu<\/title>\n<meta name=\"description\" content=\"Un mundo de posibilidades abierto a todos los m\u00e9dicos de Assist\u00e8ncia Sanit\u00e0ria\" \/>\n<meta name=\"robots\" content=\"index, follow, max-snippet:-1, max-image-preview:large, max-video-preview:-1\" \/>\n<link rel=\"canonical\" href=\"https:\/\/clubdoctorespriu.cat\/es\/ix-campeonato-golf\/\" \/>\n<meta property=\"og:locale\" content=\"es_ES\" \/>\n<meta property=\"og:type\" content=\"article\" \/>\n<meta property=\"og:title\" content=\"IX Campeonato de golf - Club Doctor Espriu\" \/>\n<meta property=\"og:description\" content=\"Un mundo de posibilidades abierto a todos los m\u00e9dicos de Assist\u00e8ncia Sanit\u00e0ria\" \/>\n<meta property=\"og:url\" content=\"https:\/\/clubdoctorespriu.cat\/es\/ix-campeonato-golf\/\" \/>\n<meta property=\"og:site_name\" content=\"Club Doctor Espriu\" \/>\n<meta property=\"article:modified_time\" content=\"2026-02-13T11:47:51+00:00\" \/>\n<meta name=\"twitter:card\" content=\"summary_large_image\" \/>\n<meta name=\"twitter:label1\" content=\"Tiempo de lectura\" \/>\n\t<meta name=\"twitter:data1\" content=\"1 minuto\" \/>\n<script type=\"application\/ld+json\" class=\"yoast-schema-graph\">{\"@context\":\"https:\/\/schema.org\",\"@graph\":[{\"@type\":\"WebPage\",\"@id\":\"https:\/\/clubdoctorespriu.cat\/es\/ix-campeonato-golf\/\",\"url\":\"https:\/\/clubdoctorespriu.cat\/es\/ix-campeonato-golf\/\",\"name\":\"IX Campeonato de golf - Club Doctor Espriu\",\"isPartOf\":{\"@id\":\"https:\/\/clubdoctorespriu.cat\/#website\"},\"datePublished\":\"2021-08-30T10:45:04+00:00\",\"dateModified\":\"2026-02-13T11:47:51+00:00\",\"description\":\"Un mundo de posibilidades abierto a todos los m\u00e9dicos de Assist\u00e8ncia Sanit\u00e0ria\",\"breadcrumb\":{\"@id\":\"https:\/\/clubdoctorespriu.cat\/es\/ix-campeonato-golf\/#breadcrumb\"},\"inLanguage\":\"es\",\"potentialAction\":[{\"@type\":\"ReadAction\",\"target\":[\"https:\/\/clubdoctorespriu.cat\/es\/ix-campeonato-golf\/\"]}]},{\"@type\":\"BreadcrumbList\",\"@id\":\"https:\/\/clubdoctorespriu.cat\/es\/ix-campeonato-golf\/#breadcrumb\",\"itemListElement\":[{\"@type\":\"ListItem\",\"position\":1,\"name\":\"Inici\",\"item\":\"https:\/\/clubdoctorespriu.cat\/\"},{\"@type\":\"ListItem\",\"position\":2,\"name\":\"IX Campeonato de golf\"}]},{\"@type\":\"WebSite\",\"@id\":\"https:\/\/clubdoctorespriu.cat\/#website\",\"url\":\"https:\/\/clubdoctorespriu.cat\/\",\"name\":\"Club Doctor Espriu\",\"description\":\"Club d&#039;activitats socials, d&#039;oci i esportives per als metges i metgesses d&#039;Assist\u00e8ncia Sanit\u00e0ria\",\"potentialAction\":[{\"@type\":\"SearchAction\",\"target\":{\"@type\":\"EntryPoint\",\"urlTemplate\":\"https:\/\/clubdoctorespriu.cat\/?s={search_term_string}\"},\"query-input\":\"required name=search_term_string\"}],\"inLanguage\":\"es\"}]}<\/script>\n<!-- \/ Yoast SEO plugin. -->","yoast_head_json":{"title":"IX Campeonato de golf - Club Doctor Espriu","description":"Un mundo de posibilidades abierto a todos los m\u00e9dicos de Assist\u00e8ncia Sanit\u00e0ria","robots":{"index":"index","follow":"follow","max-snippet":"max-snippet:-1","max-image-preview":"max-image-preview:large","max-video-preview":"max-video-preview:-1"},"canonical":"https:\/\/clubdoctorespriu.cat\/es\/ix-campeonato-golf\/","og_locale":"es_ES","og_type":"article","og_title":"IX Campeonato de golf - Club Doctor Espriu","og_description":"Un mundo de posibilidades abierto a todos los m\u00e9dicos de Assist\u00e8ncia Sanit\u00e0ria","og_url":"https:\/\/clubdoctorespriu.cat\/es\/ix-campeonato-golf\/","og_site_name":"Club Doctor Espriu","article_modified_time":"2026-02-13T11:47:51+00:00","twitter_card":"summary_large_image","twitter_misc":{"Tiempo de lectura":"1 minuto"},"schema":{"@context":"https:\/\/schema.org","@graph":[{"@type":"WebPage","@id":"https:\/\/clubdoctorespriu.cat\/es\/ix-campeonato-golf\/","url":"https:\/\/clubdoctorespriu.cat\/es\/ix-campeonato-golf\/","name":"IX Campeonato de golf - Club Doctor Espriu","isPartOf":{"@id":"https:\/\/clubdoctorespriu.cat\/#website"},"datePublished":"2021-08-30T10:45:04+00:00","dateModified":"2026-02-13T11:47:51+00:00","description":"Un mundo de posibilidades abierto a todos los m\u00e9dicos de Assist\u00e8ncia Sanit\u00e0ria","breadcrumb":{"@id":"https:\/\/clubdoctorespriu.cat\/es\/ix-campeonato-golf\/#breadcrumb"},"inLanguage":"es","potentialAction":[{"@type":"ReadAction","target":["https:\/\/clubdoctorespriu.cat\/es\/ix-campeonato-golf\/"]}]},{"@type":"BreadcrumbList","@id":"https:\/\/clubdoctorespriu.cat\/es\/ix-campeonato-golf\/#breadcrumb","itemListElement":[{"@type":"ListItem","position":1,"name":"Inici","item":"https:\/\/clubdoctorespriu.cat\/"},{"@type":"ListItem","position":2,"name":"IX Campeonato de golf"}]},{"@type":"WebSite","@id":"https:\/\/clubdoctorespriu.cat\/#website","url":"https:\/\/clubdoctorespriu.cat\/","name":"Club Doctor Espriu","description":"Club d&#039;activitats socials, d&#039;oci i esportives per als metges i metgesses d&#039;Assist\u00e8ncia Sanit\u00e0ria","potentialAction":[{"@type":"SearchAction","target":{"@type":"EntryPoint","urlTemplate":"https:\/\/clubdoctorespriu.cat\/?s={search_term_string}"},"query-input":"required name=search_term_string"}],"inLanguage":"es"}]}},"_links":{"self":[{"href":"https:\/\/clubdoctorespriu.cat\/es\/wp-json\/wp\/v2\/pages\/2765"}],"collection":[{"href":"https:\/\/clubdoctorespriu.cat\/es\/wp-json\/wp\/v2\/pages"}],"about":[{"href":"https:\/\/clubdoctorespriu.cat\/es\/wp-json\/wp\/v2\/types\/page"}],"author":[{"embeddable":true,"href":"https:\/\/clubdoctorespriu.cat\/es\/wp-json\/wp\/v2\/users\/1"}],"replies":[{"embeddable":true,"href":"https:\/\/clubdoctorespriu.cat\/es\/wp-json\/wp\/v2\/comments?post=2765"}],"version-history":[{"count":17,"href":"https:\/\/clubdoctorespriu.cat\/es\/wp-json\/wp\/v2\/pages\/2765\/revisions"}],"predecessor-version":[{"id":4560,"href":"https:\/\/clubdoctorespriu.cat\/es\/wp-json\/wp\/v2\/pages\/2765\/revisions\/4560"}],"wp:attachment":[{"href":"https:\/\/clubdoctorespriu.cat\/es\/wp-json\/wp\/v2\/media?parent=2765"}],"curies":[{"name":"wp","href":"https:\/\/api.w.org\/{rel}","templated":true}]}}