{"id":119,"date":"2016-12-27T03:25:11","date_gmt":"2016-12-27T03:25:11","guid":{"rendered":"http:\/\/tuplan.net\/casalsespriu\/dev\/?page_id=119\/"},"modified":"2020-02-07T10:07:44","modified_gmt":"2020-02-07T10:07:44","slug":"politica-cookies","status":"publish","type":"page","link":"https:\/\/clubdoctorespriu.cat\/es\/politica-cookies\/","title":{"rendered":"Pol\u00edtica cookies"},"content":{"rendered":"<p>&nbsp;<\/p>\n<h2>Pol\u00edtica de cookies<\/h2>\n<div>\n<p><strong>\u00bfQu\u00e9 son las cookies?<\/strong><\/p>\n<p>Cookie es un fichero que se descarga en su ordenador al acceder a determinadas p\u00e1ginas web. Las cookies permiten a una p\u00e1gina web, entre otras cosas, almacenar y recuperar informaci\u00f3n sobre los h\u00e1bitos de navegaci\u00f3n de un usuario o de su equipo y, dependiendo de la informaci\u00f3n que contengan y de la forma en que utilice su equipo, pueden utilizarse para reconocer al usuario. El navegador del usuario memoriza cookies en el disco duro solamente durante la sesi\u00f3n actual ocupando un espacio de memoria m\u00ednimo y no perjudicando al ordenador.Las cookies no contienen ninguna clase de informaci\u00f3n personal espec\u00edfica, y la mayor\u00eda de las mismas se borran del disco duro al finalizar la sesi\u00f3n de navegador (las denominadas cookies de sesi\u00f3n).<\/p>\n<p><strong>\u00bfQu\u00e9 tipos de cookies existen? <\/strong><\/p>\n<p><i>Cookies t\u00e9cnicas<\/i><\/p>\n<p>Son aquellas que permiten al usuario la navegaci\u00f3n a trav\u00e9s de una p\u00e1gina web, plataforma o aplicaci\u00f3n y la utilizaci\u00f3n de las diferentes opciones o servicios que en ella existan como, por ejemplo, controlar el tr\u00e1fico y la comunicaci\u00f3n de datos, identificar la sesi\u00f3n, acceder a partes de acceso restringido, recordar los elementos que integran un pedido, realizar el proceso de compra de un pedido, realizar la solicitud de inscripci\u00f3n o participaci\u00f3n en un evento, utilizar elementos de seguridad durante la navegaci\u00f3n, almacenar contenidos para la difusi\u00f3n de videos o sonido o compartir contenidos a trav\u00e9s de redes sociales.<\/p>\n<p><i>Cookies de personalizaci\u00f3n<\/i><\/p>\n<p>Son aqu\u00e9llas que permiten al usuario acceder al servicio con algunas caracter\u00edsticas de car\u00e1cter general predefinidas en funci\u00f3n de una serie de criterios en el terminal del usuario como por ejemplo serian el idioma, el tipo de navegador a trav\u00e9s del cual accede al servicio, la configuraci\u00f3n regional desde donde accede al servicio, etc.<\/p>\n<p><i>Cookies de an\u00e1lisis<\/i><\/p>\n<p>Son aqu\u00e9llas que bien tratadas por nosotros o por terceros, nos permiten cuantificar el n\u00famero de usuarios y as\u00ed realizar la medici\u00f3n y an\u00e1lisis estad\u00edstico de la utilizaci\u00f3n que hacen los usuarios del servicio ofertado. Para ello se analiza su navegaci\u00f3n en nuestra p\u00e1gina web con el fin de mejorar la oferta de productos o servicios que le ofrecemos.<\/p>\n<p><i>Cookies publicitarias<\/i><\/p>\n<p>Son aquellas que, bien tratadas por nosotros o por terceros, nos permiten gestionar de la forma m\u00e1s eficaz posible la oferta de los espacios publicitarios que hay en la p\u00e1gina web, adecuando el contenido del anuncio al contenido del servicio solicitado o al uso que realice de nuestra p\u00e1gina web. Para ello podemos analizar sus h\u00e1bitos de navegaci\u00f3n en Internet y podemos mostrarle publicidad relacionada con su perfil de navegaci\u00f3n<\/p>\n<p><i>Cookies de publicidad comportamental<\/i><\/p>\n<p>Son aquellas que permiten la gesti\u00f3n, de la forma m\u00e1s eficaz posible, de los espacios publicitarios que, en su caso, el editor haya incluido en una p\u00e1gina web, aplicaci\u00f3n o plataforma desde la que presta el servicio solicitado. Estas cookies almacenan informaci\u00f3n del comportamiento de los usuarios obtenida a trav\u00e9s de la observaci\u00f3n continuada de sus h\u00e1bitos de navegaci\u00f3n, lo que permite desarrollar un perfil espec\u00edfico para mostrar publicidad en funci\u00f3n del mismo.<\/p>\n<p><i>Cookies de terceros<\/i><\/p>\n<p>Esta web puede utilizar servicios de terceros que recopilaran informaci\u00f3n con fines estad\u00edsticos, de uso del Site por parte del usuario y para la prestaci\u00f3n de otros servicios relacionados con la actividad del Website y otros servicios de Internet.<\/p>\n<p><strong>\u00bfQu\u00e9 tipo de cookies utiliza esta p\u00e1gina web? <\/strong><\/p>\n<\/div>\n<div class=\"table-responsive\">\n<table id=\"copago\" class=\"table table-hover table-bordered\">\n<thead>\n<tr>\n<th class=\"fons_verd\" colspan=\"6\">Cookies T\u00e9cnicas<\/th>\n<\/tr>\n<tr class=\"fons_blau\">\n<th>ID<\/th>\n<th>Destinatario<\/th>\n<th>Tipo<\/th>\n<th>Finalidad<\/th>\n<th>Duraci\u00f3n<\/th>\n<\/tr>\n<\/thead>\n<tbody>\n<tr>\n<td>PHPSESSID<\/td>\n<td>ASC (propia)<\/td>\n<td>HTTP<\/td>\n<td>Identificaci\u00f3n y mantenimiento de la sesi\u00f3n.<\/td>\n<td>Sesi\u00f3n<\/td>\n<\/tr>\n<\/tbody>\n<\/table>\n<table id=\"copago\" class=\"table table-hover table-bordered\">\n<thead>\n<tr>\n<th class=\"fons_verd\" colspan=\"6\">Cookies Personalizaci\u00f3n<\/th>\n<\/tr>\n<tr class=\"fons_blau\">\n<th>ID<\/th>\n<th>Destinatario<\/th>\n<th>Tipo<\/th>\n<th>Finalidad<\/th>\n<th>Duraci\u00f3n<\/th>\n<\/tr>\n<\/thead>\n<tbody>\n<tr>\n<td>_icl_current_language<\/td>\n<td>ASC (propia)<\/td>\n<td>HTTP<\/td>\n<td>Almacenamiento de las preferencias de idioma del usuario.<\/td>\n<td>1 d\u00eda<\/td>\n<\/tr>\n<tr>\n<td>wpml_referer_url<\/td>\n<td>ASC (propia)<\/td>\n<td>HTTP<\/td>\n<td>Mantenimiento de las preferencias de idioma en las subp\u00e1ginas.<\/td>\n<td>1 d\u00eda<\/td>\n<\/tr>\n<\/tbody>\n<\/table>\n<table id=\"copago\" class=\"table table-hover table-bordered\">\n<thead>\n<tr>\n<th class=\"fons_verd\" colspan=\"6\">Cookies de an\u00e1lisis<\/th>\n<\/tr>\n<tr class=\"fons_blau\">\n<th>ID<\/th>\n<th>Destinatario<\/th>\n<th>Tipo<\/th>\n<th>Finalidad<\/th>\n<th>Duraci\u00f3n<\/th>\n<\/tr>\n<\/thead>\n<tbody>\n<tr>\n<td>_ga<\/td>\n<td>Google Analytics<\/td>\n<td>HTTP<\/td>\n<td>Registra un ID \u00fanico usado para generar datos estad\u00edsticos sobre el comportamiento de navegaci\u00f3n de los visitantes.<\/td>\n<td>2 a\u00f1os<\/td>\n<\/tr>\n<tr>\n<td>_gat<\/td>\n<td>Google Analytics<\/td>\n<td>HTTP<\/td>\n<td>Se usa para limitar el porcentaje de solicitudes.<\/td>\n<td>1 d\u00eda<\/td>\n<\/tr>\n<tr>\n<td>_gid<\/td>\n<td>Google Analytics<\/td>\n<td>HTTP<\/td>\n<td>Registra un ID \u00fanico usado para generar datos estad\u00edsticos sobre el comportamiento de navegaci\u00f3n de los visitantes.<\/td>\n<td>1 d\u00eda<\/td>\n<\/tr>\n<\/tbody>\n<\/table>\n<p><!--\n\n\n<table id=\"copago\" class=\"table table-hover table-bordered\">\n\n\n<thead>\n\n\n<tr>\n\n\n<th class=\"fons_verd\" colspan=\"6\">Cookies publicitarias<\/th>\n\n\n<\/tr>\n\n\n\n\n<tr class=\"fons_blau\">\n\n\n<th>ID<\/th>\n\n\n\n\n<th>Destinatario<\/th>\n\n\n\n\n<th>Tipo<\/th>\n\n\n\n\n<th>Finalidad<\/th>\n\n\n\n\n<th>Duraci\u00f3n<\/th>\n\n\n<\/tr>\n\n\n<\/thead>\n\n\n\n\n<tbody>\n\n\n<tr>\n\n\n<td>ads\/ga-audiences<\/td>\n\n\n\n\n<td>Google Adwords<\/td>\n\n\n\n\n<td>Pixel<\/td>\n\n\n\n\n<td>Remarketing y retargeting a visitantes de la p\u00e1gina web.<\/td>\n\n\n\n\n<td>Sesi\u00f3n<\/td>\n\n\n<\/tr>\n\n\n<\/tbody>\n\n\n<\/table>\n\n\n-->\n<\/div>\n<div>\n<p>El Usuario acepta expresamente, por la utilizaci\u00f3n de este Site, el tratamiento de la informaci\u00f3n recabada en la forma y con los fines anteriormente mencionados. Y asimismo reconoce conocer la posibilidad de rechazar el tratamiento de tales datos o informaci\u00f3n rechazando el uso de Cookies mediante la selecci\u00f3n de la configuraci\u00f3n apropiada a tal fin en su navegador. Si bien esta opci\u00f3n de bloqueo de Cookies en su navegador puede no permitirle el uso pleno de todas las funcionalidades del Website.<\/p>\n<p><strong>\u00bfC\u00f3mo se activan, bloquean o eliminan las cookies?<\/strong><\/p>\n<p>Puede usted permitir, bloquear o eliminar las cookies instaladas en su equipo mediante la configuraci\u00f3n de las opciones del navegador instalado en su ordenador:<\/p>\n<p><i><br \/>\n1. <a href=\"https:\/\/support.apple.com\/es-es\/guide\/safari\/sfri11471\/mac\" target=\"_blank\" rel=\"noopener noreferrer\">Safari<\/a><br \/>\n2. <a href=\"https:\/\/support.google.com\/accounts\/answer\/61416?co=GENIE.Platform%3DDesktop&amp;hl=es\" target=\"_blank\" rel=\"noopener noreferrer\">Chrome<\/a><br \/>\n3. <a href=\"https:\/\/support.microsoft.com\/es-es\/help\/17442\/windows-internet-explorer-delete-manage-cookies\" target=\"_blank\" rel=\"noopener noreferrer\">Explorer<\/a><br \/>\n4. <a href=\"https:\/\/support.mozilla.org\/es\/kb\/habilitar-y-deshabilitar-cookies-sitios-web-rastrear-preferencias\" target=\"_blank\" rel=\"noopener noreferrer\">Firefox<\/a><br \/>\n<\/i><\/p>\n<p><strong>\u00bfSe pueden producir modificaciones de la Pol\u00edtica de Cookies?<\/strong><\/p>\n<p>Es posible que la estructura y funcionalidades del presente sitio web se modifique para a\u00f1adir nuevos apartados, servicios o contenidos, lo cual puede suponer que se modifique el uso y, por tanto, nuestra pol\u00edtica de cookies. Por eso recomendamos a los usuarios que cada vez que accedan a nuestro sitio web revisen las pol\u00edticas de cookies publicadas por si se hubiera producido alg\u00fan cambio desde su \u00faltima visita.<\/p>\n<p><strong>Cambia tu configuraci\u00f3n de cookies.<\/strong><\/p>\n<p>Haz <span class=\"ct-ultimate-gdpr-cookie-change-settings click_1\">clic<\/span> aqu\u00ed para modificar tu configuraci\u00f3n.<\/p>\n<\/div>\n","protected":false},"excerpt":{"rendered":"<p>&nbsp; Pol\u00edtica de cookies \u00bfQu\u00e9 son las cookies? Cookie es un fichero que se descarga en su ordenador al acceder a determinadas p\u00e1ginas web. Las cookies permiten a una p\u00e1gina web, entre otras cosas, almacenar y recuperar informaci\u00f3n sobre los h\u00e1bitos de navegaci\u00f3n de un usuario o de su equipo y, dependiendo de la informaci\u00f3n [&hellip;]<\/p>\n","protected":false},"author":1,"featured_media":0,"parent":0,"menu_order":14,"comment_status":"closed","ping_status":"closed","template":"page-text.php","meta":[],"acf":[],"yoast_head":"<!-- This site is optimized with the Yoast SEO plugin v20.10 - https:\/\/yoast.com\/wordpress\/plugins\/seo\/ -->\n<title>Pol\u00edtica cookies - Club Doctor Espriu<\/title>\n<meta name=\"description\" content=\"Un mundo de posibilidades abierto a todos los m\u00e9dicos de Assist\u00e8ncia Sanit\u00e0ria\" \/>\n<meta name=\"robots\" content=\"index, follow, max-snippet:-1, max-image-preview:large, max-video-preview:-1\" \/>\n<link rel=\"canonical\" href=\"https:\/\/clubdoctorespriu.cat\/es\/politica-cookies\/\" \/>\n<meta property=\"og:locale\" content=\"es_ES\" \/>\n<meta property=\"og:type\" content=\"article\" \/>\n<meta property=\"og:title\" content=\"Pol\u00edtica cookies - Club Doctor Espriu\" \/>\n<meta property=\"og:description\" content=\"Un mundo de posibilidades abierto a todos los m\u00e9dicos de Assist\u00e8ncia Sanit\u00e0ria\" \/>\n<meta property=\"og:url\" content=\"https:\/\/clubdoctorespriu.cat\/es\/politica-cookies\/\" \/>\n<meta property=\"og:site_name\" content=\"Club Doctor Espriu\" \/>\n<meta property=\"article:modified_time\" content=\"2020-02-07T10:07:44+00:00\" \/>\n<meta name=\"twitter:card\" content=\"summary_large_image\" \/>\n<meta name=\"twitter:label1\" content=\"Tiempo de lectura\" \/>\n\t<meta name=\"twitter:data1\" content=\"5 minutos\" \/>\n<script type=\"application\/ld+json\" class=\"yoast-schema-graph\">{\"@context\":\"https:\/\/schema.org\",\"@graph\":[{\"@type\":\"WebPage\",\"@id\":\"https:\/\/clubdoctorespriu.cat\/es\/politica-cookies\/\",\"url\":\"https:\/\/clubdoctorespriu.cat\/es\/politica-cookies\/\",\"name\":\"Pol\u00edtica cookies - Club Doctor Espriu\",\"isPartOf\":{\"@id\":\"https:\/\/clubdoctorespriu.cat\/#website\"},\"datePublished\":\"2016-12-27T03:25:11+00:00\",\"dateModified\":\"2020-02-07T10:07:44+00:00\",\"description\":\"Un mundo de posibilidades abierto a todos los m\u00e9dicos de Assist\u00e8ncia Sanit\u00e0ria\",\"breadcrumb\":{\"@id\":\"https:\/\/clubdoctorespriu.cat\/es\/politica-cookies\/#breadcrumb\"},\"inLanguage\":\"es\",\"potentialAction\":[{\"@type\":\"ReadAction\",\"target\":[\"https:\/\/clubdoctorespriu.cat\/es\/politica-cookies\/\"]}]},{\"@type\":\"BreadcrumbList\",\"@id\":\"https:\/\/clubdoctorespriu.cat\/es\/politica-cookies\/#breadcrumb\",\"itemListElement\":[{\"@type\":\"ListItem\",\"position\":1,\"name\":\"Inici\",\"item\":\"https:\/\/clubdoctorespriu.cat\/\"},{\"@type\":\"ListItem\",\"position\":2,\"name\":\"Pol\u00edtica cookies\"}]},{\"@type\":\"WebSite\",\"@id\":\"https:\/\/clubdoctorespriu.cat\/#website\",\"url\":\"https:\/\/clubdoctorespriu.cat\/\",\"name\":\"Club Doctor Espriu\",\"description\":\"Club d&#039;activitats socials, d&#039;oci i esportives per als metges i metgesses d&#039;Assist\u00e8ncia Sanit\u00e0ria\",\"potentialAction\":[{\"@type\":\"SearchAction\",\"target\":{\"@type\":\"EntryPoint\",\"urlTemplate\":\"https:\/\/clubdoctorespriu.cat\/?s={search_term_string}\"},\"query-input\":\"required name=search_term_string\"}],\"inLanguage\":\"es\"}]}<\/script>\n<!-- \/ Yoast SEO plugin. -->","yoast_head_json":{"title":"Pol\u00edtica cookies - Club Doctor Espriu","description":"Un mundo de posibilidades abierto a todos los m\u00e9dicos de Assist\u00e8ncia Sanit\u00e0ria","robots":{"index":"index","follow":"follow","max-snippet":"max-snippet:-1","max-image-preview":"max-image-preview:large","max-video-preview":"max-video-preview:-1"},"canonical":"https:\/\/clubdoctorespriu.cat\/es\/politica-cookies\/","og_locale":"es_ES","og_type":"article","og_title":"Pol\u00edtica cookies - Club Doctor Espriu","og_description":"Un mundo de posibilidades abierto a todos los m\u00e9dicos de Assist\u00e8ncia Sanit\u00e0ria","og_url":"https:\/\/clubdoctorespriu.cat\/es\/politica-cookies\/","og_site_name":"Club Doctor Espriu","article_modified_time":"2020-02-07T10:07:44+00:00","twitter_card":"summary_large_image","twitter_misc":{"Tiempo de lectura":"5 minutos"},"schema":{"@context":"https:\/\/schema.org","@graph":[{"@type":"WebPage","@id":"https:\/\/clubdoctorespriu.cat\/es\/politica-cookies\/","url":"https:\/\/clubdoctorespriu.cat\/es\/politica-cookies\/","name":"Pol\u00edtica cookies - Club Doctor Espriu","isPartOf":{"@id":"https:\/\/clubdoctorespriu.cat\/#website"},"datePublished":"2016-12-27T03:25:11+00:00","dateModified":"2020-02-07T10:07:44+00:00","description":"Un mundo de posibilidades abierto a todos los m\u00e9dicos de Assist\u00e8ncia Sanit\u00e0ria","breadcrumb":{"@id":"https:\/\/clubdoctorespriu.cat\/es\/politica-cookies\/#breadcrumb"},"inLanguage":"es","potentialAction":[{"@type":"ReadAction","target":["https:\/\/clubdoctorespriu.cat\/es\/politica-cookies\/"]}]},{"@type":"BreadcrumbList","@id":"https:\/\/clubdoctorespriu.cat\/es\/politica-cookies\/#breadcrumb","itemListElement":[{"@type":"ListItem","position":1,"name":"Inici","item":"https:\/\/clubdoctorespriu.cat\/"},{"@type":"ListItem","position":2,"name":"Pol\u00edtica cookies"}]},{"@type":"WebSite","@id":"https:\/\/clubdoctorespriu.cat\/#website","url":"https:\/\/clubdoctorespriu.cat\/","name":"Club Doctor Espriu","description":"Club d&#039;activitats socials, d&#039;oci i esportives per als metges i metgesses d&#039;Assist\u00e8ncia Sanit\u00e0ria","potentialAction":[{"@type":"SearchAction","target":{"@type":"EntryPoint","urlTemplate":"https:\/\/clubdoctorespriu.cat\/?s={search_term_string}"},"query-input":"required name=search_term_string"}],"inLanguage":"es"}]}},"_links":{"self":[{"href":"https:\/\/clubdoctorespriu.cat\/es\/wp-json\/wp\/v2\/pages\/119"}],"collection":[{"href":"https:\/\/clubdoctorespriu.cat\/es\/wp-json\/wp\/v2\/pages"}],"about":[{"href":"https:\/\/clubdoctorespriu.cat\/es\/wp-json\/wp\/v2\/types\/page"}],"author":[{"embeddable":true,"href":"https:\/\/clubdoctorespriu.cat\/es\/wp-json\/wp\/v2\/users\/1"}],"replies":[{"embeddable":true,"href":"https:\/\/clubdoctorespriu.cat\/es\/wp-json\/wp\/v2\/comments?post=119"}],"version-history":[{"count":14,"href":"https:\/\/clubdoctorespriu.cat\/es\/wp-json\/wp\/v2\/pages\/119\/revisions"}],"predecessor-version":[{"id":2689,"href":"https:\/\/clubdoctorespriu.cat\/es\/wp-json\/wp\/v2\/pages\/119\/revisions\/2689"}],"wp:attachment":[{"href":"https:\/\/clubdoctorespriu.cat\/es\/wp-json\/wp\/v2\/media?parent=119"}],"curies":[{"name":"wp","href":"https:\/\/api.w.org\/{rel}","templated":true}]}}