{"id":107,"date":"2016-12-27T03:24:42","date_gmt":"2016-12-27T03:24:42","guid":{"rendered":"http:\/\/tuplan.net\/casalsespriu\/dev\/?page_id=107\/"},"modified":"2020-11-06T09:34:59","modified_gmt":"2020-11-06T09:34:59","slug":"informacion-legal","status":"publish","type":"page","link":"https:\/\/clubdoctorespriu.cat\/es\/informacion-legal\/","title":{"rendered":"Informaci\u00f3n legal"},"content":{"rendered":"<h2>Informaci\u00f3n legal<\/h2>\n<p>La sociedad titular de la presente p\u00e1gina web (www.clubdoctorespriu.cat\u00a0y www.montepioasc.cat, en adelante, la Web) es MONTEPIO D&#8217;ASSIST\u00c8NCIA SANIT\u00c0RIA COL\u00b7LEGIAL D&#8217;ASSEGURANCES \u00abDR. LUIS SANS SOL\u00c1\u00bb, M.P.S. A QUOTA FIXA (en adelante, MONTEP\u00cdO), con domicilio social en 08021 Barcelona, calle Muntaner, 461, bajos; con CIF n\u00famero V-08616807; e inscrita en el Registro Mercantil de Barcelona, tomo 25077, folio 0022, secci\u00f3n general, folio 83214.<\/p>\n<h3>Datos de contacto<\/h3>\n<p>Calle Muntaner, 461, bajos, 08021 Barcelona<br \/>\nTel.: 93 495 44 44<br \/>\nFax: 93 495 44 40<br \/>\nCorreo electr\u00f3nico:\u00a0<a href=\"mailto:web@clubdoctorespriu.cat\">web@clubdoctorespriu.cat<\/a><\/p>\n<h2>Condiciones generales de uso de la Web<\/h2>\n<p>Las presentes Condiciones Generales regulan el uso (incluyendo el mero acceso) a la presente Web. El acceso a la Web atribuye la condici\u00f3n de usuario y comporta la aceptaci\u00f3n expresa, autom\u00e1tica y voluntaria de las condiciones contenidas en el presente Aviso Legal.<\/p>\n<h3>Contenido de la Web<\/h3>\n<p>La Web proporciona a los usuarios informaciones acerca de los productos y servicios de MONTEP\u00cdO.<\/p>\n<p>La informaci\u00f3n contenida en la presente Web es la vigente en la fecha de su \u00faltima actualizaci\u00f3n.<\/p>\n<p>Los contenidos de la Web, en especial las referencias informativas y publicitarias, salvo que expresamente se indique lo contrario, no constituyen oferta vinculante. MONTEP\u00cdO se reserva el derecho a introducir modificaciones u omitir parcial o totalmente los actuales contenidos de la Web cuando lo considere oportuno, as\u00ed como impedir o restringir el acceso de forma temporal o permanente.<\/p>\n<p>En todo caso, MONTEP\u00cdO se reserva el derecho de modificar unilateralmente (o eliminar), en cualquier momento y sin necesidad de previo aviso, la estructura y dise\u00f1o de la Web; sus servicios o contenidos; as\u00ed como sus condiciones de acceso y\/o de uso. Dichos cambios entrar\u00e1n en vigor desde su publicaci\u00f3n y ser\u00e1n aplicables a todos los usuarios de la Web desde esa fecha.<\/p>\n<h3>Uso de la Web<\/h3>\n<p>El usuario se obliga a utilizar la Web de conformidad con la legislaci\u00f3n vigente, las presentes Condiciones, la buena fe, los usos generalmente aceptados y el orden p\u00fablico.<\/p>\n<p>En consecuencia, queda prohibido el uso de la Web con fines il\u00edcitos o lesivos para MONTEP\u00cdO o cualquier tercero, no pudiendo llevar a cabo ninguna conducta que pudiera da\u00f1ar la imagen, los intereses y\/o los derechos de MONTEP\u00cdO y\/o de terceros o que impidiera de cualquier forma la normal utilizaci\u00f3n de la Web.<\/p>\n<h3>Propiedad industrial e intelectual<\/h3>\n<p>Todos los derechos de propiedad industrial e intelectual as\u00ed como toda la informaci\u00f3n contenida en la Web (textos, documentos, fotograf\u00edas, dibujos, representaciones gr\u00e1ficas, bases de datos, c\u00f3digo fuente, programas inform\u00e1ticos y cualquier otro contenido que aparezca, as\u00ed como logotipos, marcas, nombres comerciales, u otros signos distintivos) son propiedad exclusiva de MONTEP\u00cdO.<\/p>\n<p>Queda expresamente prohibido al usuario la reproducci\u00f3n, distribuci\u00f3n, cesi\u00f3n a terceros, comunicaci\u00f3n p\u00fablica, transformaci\u00f3n y -en general- cualquier modalidad de explotaci\u00f3n, mediante cualquier soporte y medio, de cualquier informaci\u00f3n contenida en la Web. La utilizaci\u00f3n no autorizada de dicha informaci\u00f3n dar\u00e1 lugar a las responsabilidades legalmente establecidas.<\/p>\n<h3>Responsabilidad<\/h3>\n<p>El usuario acepta voluntaria y expresamente que el acceso y uso de la Web se realiza en todo caso bajo su \u00fanica y exclusiva responsabilidad.<\/p>\n<p>MONTEP\u00cdO no es responsable de las consecuencias, da\u00f1os o perjuicios derivados del acceso o uso de la Web ni de los enlaces o links que contenga; de las deficiencias del servicio de su servidor; de las redes de comunicaci\u00f3n; ni de los problemas resultantes del mal funcionamiento o uso de versiones no optimizadas de los navegadores.<\/p>\n<p>MONTEP\u00cdO, a pesar de haber adoptado todas las medidas necesarias, tampoco es responsable de los posibles errores de seguridad que se puedan producir ni de los posibles da\u00f1os que puedan causarse al sistema inform\u00e1tico del usuario (hardware y software) o a los ficheros almacenados en el mismo, como consecuencia de la presencia de virus u otros programas maliciosos en el ordenador del usuario utilizado.<\/p>\n<h3>Protecci\u00f3n de datos y confidencialidad<\/h3>\n<p>MONTEP\u00cdO cumple con todos los requisitos que establece la Ley Org\u00e1nica 15\/1999 de Protecci\u00f3n de Datos de Car\u00e1cter Personal, de 13 de diciembre, y la normativa que la desarrolla, as\u00ed como con los compromisos de confidencialidad propios de la actividad aseguradora.<\/p>\n<p>El hecho de rellenar cualquier formulario y de enviarlo a MONTEP\u00cdO supone que el usuario acepta que sus datos de car\u00e1cter personal sean tratados y se incluyan en las bases de datos de MONTEP\u00cdO.<\/p>\n<p>Todos los datos de car\u00e1cter personal obtenidos por MONTEP\u00cdO pasan a integrarse en ficheros automatizados titularidad de MONTEP\u00cdO, y son tratados de conformidad con las exigencias legales, adoptando las medidas t\u00e9cnicas necesarias para mantener el nivel de seguridad requerido seg\u00fan la naturaleza de esos datos, con el objeto de evitar su alteraci\u00f3n, p\u00e9rdida, tratamiento o acceso no autorizado.<\/p>\n<p>Los titulares de los datos disponen de los derechos de acceso, rectificaci\u00f3n, oposici\u00f3n y cancelaci\u00f3n para el ejercicio de los cuales pueden dirigirse a MONTEP\u00cdO (calle Muntaner, 461, bajos, 08021 Barcelona)<\/p>\n<p>El usuario garantiza que los datos personales facilitados a trav\u00e9s de la Web son veraces y, para que la informaci\u00f3n que contienen los ficheros de MONTEP\u00cdO est\u00e9 siempre actualizada y no contenga errores, se compromete a comunicar, a la mayor brevedad posible, las modificaciones y rectificaciones que sean necesarios.<\/p>\n<h3>Legislaci\u00f3n aplicable y jurisdicci\u00f3n<\/h3>\n<p>Las presentes Condiciones generales de uso se regir\u00e1n por la legislaci\u00f3n espa\u00f1ola.<\/p>\n<p>MONTEP\u00cdO y el usuario, con renuncia expresa a cualquier otro fuero que pudiera corresponderles, se someten a la jurisdicci\u00f3n de los Juzgados y Tribunales de Barcelona.<\/p>\n","protected":false},"excerpt":{"rendered":"<p>Informaci\u00f3n legal La sociedad titular de la presente p\u00e1gina web (www.clubdoctorespriu.cat\u00a0y www.montepioasc.cat, en adelante, la Web) es MONTEPIO D&#8217;ASSIST\u00c8NCIA SANIT\u00c0RIA COL\u00b7LEGIAL D&#8217;ASSEGURANCES \u00abDR. LUIS SANS SOL\u00c1\u00bb, M.P.S. A QUOTA FIXA (en adelante, MONTEP\u00cdO), con domicilio social en 08021 Barcelona, calle Muntaner, 461, bajos; con CIF n\u00famero V-08616807; e inscrita en el Registro Mercantil de Barcelona, [&hellip;]<\/p>\n","protected":false},"author":1,"featured_media":0,"parent":0,"menu_order":12,"comment_status":"closed","ping_status":"closed","template":"page-text.php","meta":[],"acf":[],"yoast_head":"<!-- This site is optimized with the Yoast SEO plugin v20.10 - https:\/\/yoast.com\/wordpress\/plugins\/seo\/ -->\n<title>Informaci\u00f3n legal - Club Doctor Espriu<\/title>\n<meta name=\"description\" content=\"Un mundo de posibilidades abierto a todos los m\u00e9dicos de Assist\u00e8ncia Sanit\u00e0ria\" \/>\n<meta name=\"robots\" content=\"index, follow, max-snippet:-1, max-image-preview:large, max-video-preview:-1\" \/>\n<link rel=\"canonical\" href=\"https:\/\/clubdoctorespriu.cat\/es\/informacion-legal\/\" \/>\n<meta property=\"og:locale\" content=\"es_ES\" \/>\n<meta property=\"og:type\" content=\"article\" \/>\n<meta property=\"og:title\" content=\"Informaci\u00f3n legal - Club Doctor Espriu\" \/>\n<meta property=\"og:description\" content=\"Un mundo de posibilidades abierto a todos los m\u00e9dicos de Assist\u00e8ncia Sanit\u00e0ria\" \/>\n<meta property=\"og:url\" content=\"https:\/\/clubdoctorespriu.cat\/es\/informacion-legal\/\" \/>\n<meta property=\"og:site_name\" content=\"Club Doctor Espriu\" \/>\n<meta property=\"article:modified_time\" content=\"2020-11-06T09:34:59+00:00\" \/>\n<meta name=\"twitter:card\" content=\"summary_large_image\" \/>\n<meta name=\"twitter:label1\" content=\"Tiempo de lectura\" \/>\n\t<meta name=\"twitter:data1\" content=\"5 minutos\" \/>\n<script type=\"application\/ld+json\" class=\"yoast-schema-graph\">{\"@context\":\"https:\/\/schema.org\",\"@graph\":[{\"@type\":\"WebPage\",\"@id\":\"https:\/\/clubdoctorespriu.cat\/es\/informacion-legal\/\",\"url\":\"https:\/\/clubdoctorespriu.cat\/es\/informacion-legal\/\",\"name\":\"Informaci\u00f3n legal - Club Doctor Espriu\",\"isPartOf\":{\"@id\":\"https:\/\/clubdoctorespriu.cat\/#website\"},\"datePublished\":\"2016-12-27T03:24:42+00:00\",\"dateModified\":\"2020-11-06T09:34:59+00:00\",\"description\":\"Un mundo de posibilidades abierto a todos los m\u00e9dicos de Assist\u00e8ncia Sanit\u00e0ria\",\"breadcrumb\":{\"@id\":\"https:\/\/clubdoctorespriu.cat\/es\/informacion-legal\/#breadcrumb\"},\"inLanguage\":\"es\",\"potentialAction\":[{\"@type\":\"ReadAction\",\"target\":[\"https:\/\/clubdoctorespriu.cat\/es\/informacion-legal\/\"]}]},{\"@type\":\"BreadcrumbList\",\"@id\":\"https:\/\/clubdoctorespriu.cat\/es\/informacion-legal\/#breadcrumb\",\"itemListElement\":[{\"@type\":\"ListItem\",\"position\":1,\"name\":\"Inici\",\"item\":\"https:\/\/clubdoctorespriu.cat\/\"},{\"@type\":\"ListItem\",\"position\":2,\"name\":\"Informaci\u00f3n legal\"}]},{\"@type\":\"WebSite\",\"@id\":\"https:\/\/clubdoctorespriu.cat\/#website\",\"url\":\"https:\/\/clubdoctorespriu.cat\/\",\"name\":\"Club Doctor Espriu\",\"description\":\"Club d&#039;activitats socials, d&#039;oci i esportives per als metges i metgesses d&#039;Assist\u00e8ncia Sanit\u00e0ria\",\"potentialAction\":[{\"@type\":\"SearchAction\",\"target\":{\"@type\":\"EntryPoint\",\"urlTemplate\":\"https:\/\/clubdoctorespriu.cat\/?s={search_term_string}\"},\"query-input\":\"required name=search_term_string\"}],\"inLanguage\":\"es\"}]}<\/script>\n<!-- \/ Yoast SEO plugin. -->","yoast_head_json":{"title":"Informaci\u00f3n legal - Club Doctor Espriu","description":"Un mundo de posibilidades abierto a todos los m\u00e9dicos de Assist\u00e8ncia Sanit\u00e0ria","robots":{"index":"index","follow":"follow","max-snippet":"max-snippet:-1","max-image-preview":"max-image-preview:large","max-video-preview":"max-video-preview:-1"},"canonical":"https:\/\/clubdoctorespriu.cat\/es\/informacion-legal\/","og_locale":"es_ES","og_type":"article","og_title":"Informaci\u00f3n legal - Club Doctor Espriu","og_description":"Un mundo de posibilidades abierto a todos los m\u00e9dicos de Assist\u00e8ncia Sanit\u00e0ria","og_url":"https:\/\/clubdoctorespriu.cat\/es\/informacion-legal\/","og_site_name":"Club Doctor Espriu","article_modified_time":"2020-11-06T09:34:59+00:00","twitter_card":"summary_large_image","twitter_misc":{"Tiempo de lectura":"5 minutos"},"schema":{"@context":"https:\/\/schema.org","@graph":[{"@type":"WebPage","@id":"https:\/\/clubdoctorespriu.cat\/es\/informacion-legal\/","url":"https:\/\/clubdoctorespriu.cat\/es\/informacion-legal\/","name":"Informaci\u00f3n legal - Club Doctor Espriu","isPartOf":{"@id":"https:\/\/clubdoctorespriu.cat\/#website"},"datePublished":"2016-12-27T03:24:42+00:00","dateModified":"2020-11-06T09:34:59+00:00","description":"Un mundo de posibilidades abierto a todos los m\u00e9dicos de Assist\u00e8ncia Sanit\u00e0ria","breadcrumb":{"@id":"https:\/\/clubdoctorespriu.cat\/es\/informacion-legal\/#breadcrumb"},"inLanguage":"es","potentialAction":[{"@type":"ReadAction","target":["https:\/\/clubdoctorespriu.cat\/es\/informacion-legal\/"]}]},{"@type":"BreadcrumbList","@id":"https:\/\/clubdoctorespriu.cat\/es\/informacion-legal\/#breadcrumb","itemListElement":[{"@type":"ListItem","position":1,"name":"Inici","item":"https:\/\/clubdoctorespriu.cat\/"},{"@type":"ListItem","position":2,"name":"Informaci\u00f3n legal"}]},{"@type":"WebSite","@id":"https:\/\/clubdoctorespriu.cat\/#website","url":"https:\/\/clubdoctorespriu.cat\/","name":"Club Doctor Espriu","description":"Club d&#039;activitats socials, d&#039;oci i esportives per als metges i metgesses d&#039;Assist\u00e8ncia Sanit\u00e0ria","potentialAction":[{"@type":"SearchAction","target":{"@type":"EntryPoint","urlTemplate":"https:\/\/clubdoctorespriu.cat\/?s={search_term_string}"},"query-input":"required name=search_term_string"}],"inLanguage":"es"}]}},"_links":{"self":[{"href":"https:\/\/clubdoctorespriu.cat\/es\/wp-json\/wp\/v2\/pages\/107"}],"collection":[{"href":"https:\/\/clubdoctorespriu.cat\/es\/wp-json\/wp\/v2\/pages"}],"about":[{"href":"https:\/\/clubdoctorespriu.cat\/es\/wp-json\/wp\/v2\/types\/page"}],"author":[{"embeddable":true,"href":"https:\/\/clubdoctorespriu.cat\/es\/wp-json\/wp\/v2\/users\/1"}],"replies":[{"embeddable":true,"href":"https:\/\/clubdoctorespriu.cat\/es\/wp-json\/wp\/v2\/comments?post=107"}],"version-history":[{"count":12,"href":"https:\/\/clubdoctorespriu.cat\/es\/wp-json\/wp\/v2\/pages\/107\/revisions"}],"predecessor-version":[{"id":2730,"href":"https:\/\/clubdoctorespriu.cat\/es\/wp-json\/wp\/v2\/pages\/107\/revisions\/2730"}],"wp:attachment":[{"href":"https:\/\/clubdoctorespriu.cat\/es\/wp-json\/wp\/v2\/media?parent=107"}],"curies":[{"name":"wp","href":"https:\/\/api.w.org\/{rel}","templated":true}]}}